{"id":690,"date":"2022-09-29T00:32:24","date_gmt":"2022-09-28T21:32:24","guid":{"rendered":"https:\/\/kaiser-olan.de\/en\/?page_id=690"},"modified":"2022-11-22T11:18:48","modified_gmt":"2022-11-22T08:18:48","slug":"impressum","status":"publish","type":"page","link":"https:\/\/kaiser-olan.de\/en\/impressum\/","title":{"rendered":"Legal notice"},"content":{"rendered":"<p>OLAN-Haushaltsger\u00e4te e.K.<br \/>\nEichborndamm 277<br \/>\n13437 Berlin<br \/>\nDeutschland<\/p>\n<p>Telefon: +49 (0)30\/ 40728920<br \/>\nFax: +49 (0)30\/ 407289220<br \/>\nEmail:\u00a0<a href=\"mailto:info@kaiser-olan.de\">info@kaiser-olan.de<\/a><\/p>\n<p>Gesch\u00e4ftsf\u00fchrung:<br \/>\nA. Friedmann (Gesch\u00e4ftsf\u00fchrer)<\/p>\n<p>Sitz der Gesellschaft:<br \/>\nBerlin<br \/>\nHandelsregister:<br \/>\nAmtsgericht Berlin-Charlottenburg HRA 31847<\/p>\n<p>Umsatzidentifikationsnummer:<br \/>\nDE 160918898<\/p>\n<p>Webseitenproduktion:<br \/>\nReLine Intermedien und Verlags GmbH<br \/>\nPotsdamer Strasse 100<br \/>\n10785 Berlin<\/p>\n<p>Datenbank-Software basiert auf dem Shop-Engine von\u00a0<a href=\"http:\/\/www.xt-commerce.com\/\" target=\"_blank\" rel=\"noopener\">XT-commerce<\/a>\u00a0(freie Lizenz).<\/p>\n<p>Inhalte von Kaiser-olan.de sind urheberrechtlich gesch\u00fctztes Eigentum von OLAN-Haushaltsger\u00e4te e.K. Alle Angaben sind ohne Gew\u00e4hr. Wir haften nicht f\u00fcr die Inhalte externer Links. Wir garantieren Datensicherheit und keine Weitergabe der pers\u00f6nlichen Informationen unserer Besucher an Dritte.<\/p>\n","protected":false},"excerpt":{"rendered":"<p>OLAN-Haushaltsger\u00e4te e.K. Eichborndamm 277 13437 Berlin Deutschland Telefon: +49 (0)30\/ 40728920 Fax: +49 (0)30\/ 407289220 Email:\u00a0info@kaiser-olan.de Gesch\u00e4ftsf\u00fchrung: A. Friedmann (Gesch\u00e4ftsf\u00fchrer) Sitz der Gesellschaft: Berlin Handelsregister: Amtsgericht Berlin-Charlottenburg HRA 31847 Umsatzidentifikationsnummer: DE 160918898 Webseitenproduktion: ReLine Intermedien und Verlags GmbH Potsdamer Strasse 100 10785 Berlin Datenbank-Software basiert auf dem Shop-Engine von\u00a0XT-commerce\u00a0(freie Lizenz). Inhalte von Kaiser-olan.de sind urheberrechtlich [&hellip;]<\/p>\n","protected":false},"author":1,"featured_media":0,"parent":0,"menu_order":0,"comment_status":"closed","ping_status":"closed","template":"","meta":{"inline_featured_image":false},"_links":{"self":[{"href":"https:\/\/kaiser-olan.de\/en\/wp-json\/wp\/v2\/pages\/690"}],"collection":[{"href":"https:\/\/kaiser-olan.de\/en\/wp-json\/wp\/v2\/pages"}],"about":[{"href":"https:\/\/kaiser-olan.de\/en\/wp-json\/wp\/v2\/types\/page"}],"author":[{"embeddable":true,"href":"https:\/\/kaiser-olan.de\/en\/wp-json\/wp\/v2\/users\/1"}],"replies":[{"embeddable":true,"href":"https:\/\/kaiser-olan.de\/en\/wp-json\/wp\/v2\/comments?post=690"}],"version-history":[{"count":2,"href":"https:\/\/kaiser-olan.de\/en\/wp-json\/wp\/v2\/pages\/690\/revisions"}],"predecessor-version":[{"id":2345,"href":"https:\/\/kaiser-olan.de\/en\/wp-json\/wp\/v2\/pages\/690\/revisions\/2345"}],"wp:attachment":[{"href":"https:\/\/kaiser-olan.de\/en\/wp-json\/wp\/v2\/media?parent=690"}],"curies":[{"name":"wp","href":"https:\/\/api.w.org\/{rel}","templated":true}]}}